{"id":1999,"date":"2023-04-02T12:39:05","date_gmt":"2023-04-02T12:39:05","guid":{"rendered":"http:\/\/vipshp.com\/product\/pharmaceris-whitening-albucin-c\/"},"modified":"2023-05-01T20:36:33","modified_gmt":"2023-05-01T20:36:33","slug":"pharmaceris-whitening-albucin-c","status":"publish","type":"product","link":"https:\/\/vipshp.com\/ar\/product\/pharmaceris-whitening-albucin-c\/","title":{"rendered":"brightening Albucin-c"},"content":{"rendered":"<p>Pharmaceris whitening Albucin-c<\/p>\n<p>Ce soin vous permet d&#8217;avoir une peau plus claire et plus lisse.<\/p>\n<p>Il se caract\u00e9rise par son action hydratante.<\/p>\n<p>L&#8217;albucin c stimule \u00e9galement la r\u00e9g\u00e9n\u00e9ration cellulaire .<\/p>\n","protected":false},"excerpt":{"rendered":"<p>Pharmaceris whitening Albucin-c Ce soin vous permet d&#8217;avoir une peau plus claire et plus lisse. Il se caract\u00e9rise par son<\/p>\n","protected":false},"featured_media":1775,"comment_status":"open","ping_status":"closed","template":"","meta":[],"product_brand":[],"product_cat":[142],"product_tag":[],"class_list":{"0":"post-1999","1":"product","2":"type-product","3":"status-publish","4":"has-post-thumbnail","6":"product_cat-142","8":"first","9":"instock","10":"shipping-taxable","11":"purchasable","12":"product-type-simple"},"_links":{"self":[{"href":"https:\/\/vipshp.com\/ar\/wp-json\/wp\/v2\/product\/1999","targetHints":{"allow":["GET"]}}],"collection":[{"href":"https:\/\/vipshp.com\/ar\/wp-json\/wp\/v2\/product"}],"about":[{"href":"https:\/\/vipshp.com\/ar\/wp-json\/wp\/v2\/types\/product"}],"replies":[{"embeddable":true,"href":"https:\/\/vipshp.com\/ar\/wp-json\/wp\/v2\/comments?post=1999"}],"wp:featuredmedia":[{"embeddable":true,"href":"https:\/\/vipshp.com\/ar\/wp-json\/wp\/v2\/media\/1775"}],"wp:attachment":[{"href":"https:\/\/vipshp.com\/ar\/wp-json\/wp\/v2\/media?parent=1999"}],"wp:term":[{"taxonomy":"product_brand","embeddable":true,"href":"https:\/\/vipshp.com\/ar\/wp-json\/wp\/v2\/product_brand?post=1999"},{"taxonomy":"product_cat","embeddable":true,"href":"https:\/\/vipshp.com\/ar\/wp-json\/wp\/v2\/product_cat?post=1999"},{"taxonomy":"product_tag","embeddable":true,"href":"https:\/\/vipshp.com\/ar\/wp-json\/wp\/v2\/product_tag?post=1999"}],"curies":[{"name":"wp","href":"https:\/\/api.w.org\/{rel}","templated":true}]}}